{"id":78,"date":"2020-04-08T17:03:27","date_gmt":"2020-04-08T15:03:27","guid":{"rendered":"http:\/\/hpa.com.pl\/?page_id=78"},"modified":"2021-03-18T13:11:11","modified_gmt":"2021-03-18T12:11:11","slug":"manometry","status":"publish","type":"page","link":"https:\/\/hpa.com.pl\/index.php\/manometry\/","title":{"rendered":"Manometry"},"content":{"rendered":"\n<p>Szeroka oferta marki HPA to wszelkiego rodzaju manometry. Ze wzgl\u0119du na mnogo\u015b\u0107 opcji podzielili\u015bmy je na nast\u0119puj\u0105ce grupy:<\/p>\n\n\n\n<div class=\"wp-block-columns are-vertically-aligned-top is-layout-flex wp-container-core-columns-is-layout-9d6595d7 wp-block-columns-is-layout-flex\">\n<div class=\"wp-block-column is-vertically-aligned-top is-layout-flow wp-block-column-is-layout-flow\">\n<div class=\"wp-block-media-text alignwide is-stacked-on-mobile has-background has-very-light-gray-background-color has-background\"><figure class=\"wp-block-media-text__media\"><img loading=\"lazy\" decoding=\"async\" width=\"768\" height=\"987\" src=\"http:\/\/hpa.com.pl\/wp-content\/uploads\/2020\/04\/M100RP.png\" alt=\"\" class=\"wp-image-117 size-full\" srcset=\"https:\/\/hpa.com.pl\/wp-content\/uploads\/2020\/04\/M100RP.png 768w, https:\/\/hpa.com.pl\/wp-content\/uploads\/2020\/04\/M100RP-233x300.png 233w\" sizes=\"auto, (max-width: 768px) 100vw, 768px\" \/><\/figure><div class=\"wp-block-media-text__content\">\n<p class=\"has-normal-font-size\">Og\u00f3lnego przeznaczenia<\/p>\n<\/div><\/div>\n\n\n\n<div class=\"wp-block-media-text alignwide is-stacked-on-mobile has-background has-very-light-gray-background-color has-background\"><figure class=\"wp-block-media-text__media\"><img loading=\"lazy\" decoding=\"async\" width=\"434\" height=\"575\" src=\"http:\/\/hpa.com.pl\/wp-content\/uploads\/2020\/05\/M100-10.png\" alt=\"\" class=\"wp-image-249 size-full\" srcset=\"https:\/\/hpa.com.pl\/wp-content\/uploads\/2020\/05\/M100-10.png 434w, https:\/\/hpa.com.pl\/wp-content\/uploads\/2020\/05\/M100-10-226x300.png 226w\" sizes=\"auto, (max-width: 434px) 100vw, 434px\" \/><\/figure><div class=\"wp-block-media-text__content\">\n<p class=\"has-normal-font-size\">Do niskich ci\u015bnie\u0144 (puszkowe)<\/p>\n<\/div><\/div>\n\n\n\n<div class=\"wp-block-media-text alignwide is-stacked-on-mobile has-background has-very-light-gray-background-color has-background\"><figure class=\"wp-block-media-text__media\"><img loading=\"lazy\" decoding=\"async\" width=\"447\" height=\"559\" src=\"http:\/\/hpa.com.pl\/wp-content\/uploads\/2020\/05\/kwasoodporny-e1589801366899.png\" alt=\"\" class=\"wp-image-251 size-full\"\/><\/figure><div class=\"wp-block-media-text__content\">\n<p class=\"has-normal-font-size\">Kwasoodporne<\/p>\n<\/div><\/div>\n\n\n\n<div class=\"wp-block-media-text alignwide is-stacked-on-mobile has-background has-very-light-gray-background-color has-background\"><figure class=\"wp-block-media-text__media\"><img loading=\"lazy\" decoding=\"async\" width=\"768\" height=\"784\" src=\"http:\/\/hpa.com.pl\/wp-content\/uploads\/2020\/04\/WP80TP.png\" alt=\"\" class=\"wp-image-133 size-full\" srcset=\"https:\/\/hpa.com.pl\/wp-content\/uploads\/2020\/04\/WP80TP.png 768w, https:\/\/hpa.com.pl\/wp-content\/uploads\/2020\/04\/WP80TP-294x300.png 294w\" sizes=\"auto, (max-width: 768px) 100vw, 768px\" \/><\/figure><div class=\"wp-block-media-text__content\">\n<p class=\"has-normal-font-size\">Termo &#8211; manometry WP<\/p>\n<\/div><\/div>\n<\/div>\n\n\n\n<div class=\"wp-block-column is-vertically-aligned-top is-layout-flow wp-block-column-is-layout-flow\">\n<div class=\"wp-block-media-text alignwide is-stacked-on-mobile has-background has-very-light-gray-background-color has-background\"><figure class=\"wp-block-media-text__media\"><img loading=\"lazy\" decoding=\"async\" width=\"768\" height=\"963\" src=\"http:\/\/hpa.com.pl\/wp-content\/uploads\/2020\/04\/M100RGP.png\" alt=\"\" class=\"wp-image-116 size-full\" srcset=\"https:\/\/hpa.com.pl\/wp-content\/uploads\/2020\/04\/M100RGP.png 768w, https:\/\/hpa.com.pl\/wp-content\/uploads\/2020\/04\/M100RGP-239x300.png 239w\" sizes=\"auto, (max-width: 768px) 100vw, 768px\" \/><\/figure><div class=\"wp-block-media-text__content\">\n<p class=\"has-normal-font-size\">Glicerynowe<\/p>\n<\/div><\/div>\n\n\n\n<div class=\"wp-block-media-text alignwide is-stacked-on-mobile has-background has-very-light-gray-background-color has-background\"><figure class=\"wp-block-media-text__media\"><img loading=\"lazy\" decoding=\"async\" width=\"768\" height=\"1014\" src=\"http:\/\/hpa.com.pl\/wp-content\/uploads\/2020\/05\/M63RTP.png\" alt=\"\" class=\"wp-image-239 size-full\" srcset=\"https:\/\/hpa.com.pl\/wp-content\/uploads\/2020\/05\/M63RTP.png 768w, https:\/\/hpa.com.pl\/wp-content\/uploads\/2020\/05\/M63RTP-227x300.png 227w\" sizes=\"auto, (max-width: 768px) 100vw, 768px\" \/><\/figure><div class=\"wp-block-media-text__content\">\n<p class=\"has-small-font-size\">Do gaz\u00f3w technicznych (spawalnicze)<\/p>\n<\/div><\/div>\n\n\n\n<div class=\"wp-block-media-text alignwide is-stacked-on-mobile is-image-fill has-background has-very-light-gray-background-color has-background\"><figure class=\"wp-block-media-text__media\" style=\"background-image:url(http:\/\/hpa.com.pl\/wp-content\/uploads\/2020\/04\/M40DN10P-e1589801228964.png);background-position:50% 50%\"><img loading=\"lazy\" decoding=\"async\" width=\"300\" height=\"479\" src=\"http:\/\/hpa.com.pl\/wp-content\/uploads\/2020\/04\/M40DN10P-e1589801228964.png\" alt=\"\" class=\"wp-image-102 size-full\"\/><\/figure><div class=\"wp-block-media-text__content\">\n<p class=\"has-normal-font-size\">Specjalistyczne<\/p>\n<\/div><\/div>\n\n\n\n<div class=\"wp-block-media-text alignwide is-stacked-on-mobile has-background has-very-light-gray-background-color has-background\"><figure class=\"wp-block-media-text__media\"><img loading=\"lazy\" decoding=\"async\" width=\"447\" height=\"559\" src=\"http:\/\/hpa.com.pl\/wp-content\/uploads\/2020\/05\/separator.png\" alt=\"\" class=\"wp-image-252 size-full\" srcset=\"https:\/\/hpa.com.pl\/wp-content\/uploads\/2020\/05\/separator.png 447w, https:\/\/hpa.com.pl\/wp-content\/uploads\/2020\/05\/separator-240x300.png 240w\" sizes=\"auto, (max-width: 447px) 100vw, 447px\" \/><\/figure><div class=\"wp-block-media-text__content\">\n<p class=\"has-normal-font-size\">Z separatorami<\/p>\n<\/div><\/div>\n<\/div>\n<\/div>\n\n\n\n<p><\/p>\n","protected":false},"excerpt":{"rendered":"<p>Szeroka oferta marki HPA to wszelkiego rodzaju manometry. Ze wzgl\u0119du na mnogo\u015b\u0107 opcji podzielili\u015bmy je na nast\u0119puj\u0105ce grupy: Og\u00f3lnego przeznaczenia Do niskich ci\u015bnie\u0144 (puszkowe) Kwasoodporne Termo &#8211; manometry WP Glicerynowe Do gaz\u00f3w technicznych (spawalnicze) Specjalistyczne Z separatorami<\/p>\n","protected":false},"author":1,"featured_media":61,"parent":0,"menu_order":0,"comment_status":"closed","ping_status":"closed","template":"","meta":{"ngg_post_thumbnail":0,"footnotes":""},"class_list":["post-78","page","type-page","status-publish","has-post-thumbnail","hentry"],"yoast_head":"<!-- This site is optimized with the Yoast SEO plugin v27.4 - https:\/\/yoast.com\/product\/yoast-seo-wordpress\/ -->\n<title>Manometry - Hydraulika, Pneumatyka, Automatyka<\/title>\n<meta name=\"description\" content=\"Wszelkiego rodzaju manometry do pomiaru ci\u015bnienia w instalacjach przemys\u0142owych. Najwy\u017csza jako\u015b\u0107, atrakcyjne ceny, szybka dost\u0119pno\u015b\u0107.\" \/>\n<meta name=\"robots\" content=\"index, follow, max-snippet:-1, max-image-preview:large, max-video-preview:-1\" \/>\n<link rel=\"canonical\" href=\"https:\/\/hpa.com.pl\/index.php\/manometry\/\" \/>\n<meta property=\"og:locale\" content=\"pl_PL\" \/>\n<meta property=\"og:type\" content=\"article\" \/>\n<meta property=\"og:title\" content=\"Manometry - Hydraulika, Pneumatyka, Automatyka\" \/>\n<meta property=\"og:description\" content=\"Wszelkiego rodzaju manometry do pomiaru ci\u015bnienia w instalacjach przemys\u0142owych. Najwy\u017csza jako\u015b\u0107, atrakcyjne ceny, szybka dost\u0119pno\u015b\u0107.\" \/>\n<meta property=\"og:url\" content=\"https:\/\/hpa.com.pl\/index.php\/manometry\/\" \/>\n<meta property=\"og:site_name\" content=\"Hydraulika, Pneumatyka, Automatyka\" \/>\n<meta property=\"article:modified_time\" content=\"2021-03-18T12:11:11+00:00\" \/>\n<meta property=\"og:image\" content=\"https:\/\/hpa.com.pl\/wp-content\/uploads\/2020\/04\/manometry-1.jpg\" \/>\n\t<meta property=\"og:image:width\" content=\"1200\" \/>\n\t<meta property=\"og:image:height\" content=\"800\" \/>\n\t<meta property=\"og:image:type\" content=\"image\/jpeg\" \/>\n<meta name=\"twitter:card\" content=\"summary_large_image\" \/>\n<meta name=\"twitter:label1\" content=\"Szacowany czas czytania\" \/>\n\t<meta name=\"twitter:data1\" content=\"2 minuty\" \/>\n<script type=\"application\/ld+json\" class=\"yoast-schema-graph\">{\"@context\":\"https:\\\/\\\/schema.org\",\"@graph\":[{\"@type\":\"WebPage\",\"@id\":\"https:\\\/\\\/hpa.com.pl\\\/index.php\\\/manometry\\\/\",\"url\":\"https:\\\/\\\/hpa.com.pl\\\/index.php\\\/manometry\\\/\",\"name\":\"Manometry - Hydraulika, Pneumatyka, Automatyka\",\"isPartOf\":{\"@id\":\"https:\\\/\\\/hpa.com.pl\\\/#website\"},\"primaryImageOfPage\":{\"@id\":\"https:\\\/\\\/hpa.com.pl\\\/index.php\\\/manometry\\\/#primaryimage\"},\"image\":{\"@id\":\"https:\\\/\\\/hpa.com.pl\\\/index.php\\\/manometry\\\/#primaryimage\"},\"thumbnailUrl\":\"https:\\\/\\\/hpa.com.pl\\\/wp-content\\\/uploads\\\/2020\\\/04\\\/manometry-1.jpg\",\"datePublished\":\"2020-04-08T15:03:27+00:00\",\"dateModified\":\"2021-03-18T12:11:11+00:00\",\"description\":\"Wszelkiego rodzaju manometry do pomiaru ci\u015bnienia w instalacjach przemys\u0142owych. Najwy\u017csza jako\u015b\u0107, atrakcyjne ceny, szybka dost\u0119pno\u015b\u0107.\",\"breadcrumb\":{\"@id\":\"https:\\\/\\\/hpa.com.pl\\\/index.php\\\/manometry\\\/#breadcrumb\"},\"inLanguage\":\"pl-PL\",\"potentialAction\":[{\"@type\":\"ReadAction\",\"target\":[\"https:\\\/\\\/hpa.com.pl\\\/index.php\\\/manometry\\\/\"]}]},{\"@type\":\"ImageObject\",\"inLanguage\":\"pl-PL\",\"@id\":\"https:\\\/\\\/hpa.com.pl\\\/index.php\\\/manometry\\\/#primaryimage\",\"url\":\"https:\\\/\\\/hpa.com.pl\\\/wp-content\\\/uploads\\\/2020\\\/04\\\/manometry-1.jpg\",\"contentUrl\":\"https:\\\/\\\/hpa.com.pl\\\/wp-content\\\/uploads\\\/2020\\\/04\\\/manometry-1.jpg\",\"width\":1200,\"height\":800},{\"@type\":\"BreadcrumbList\",\"@id\":\"https:\\\/\\\/hpa.com.pl\\\/index.php\\\/manometry\\\/#breadcrumb\",\"itemListElement\":[{\"@type\":\"ListItem\",\"position\":1,\"name\":\"Strona g\u0142\u00f3wna\",\"item\":\"https:\\\/\\\/hpa.com.pl\\\/\"},{\"@type\":\"ListItem\",\"position\":2,\"name\":\"Manometry\"}]},{\"@type\":\"WebSite\",\"@id\":\"https:\\\/\\\/hpa.com.pl\\\/#website\",\"url\":\"https:\\\/\\\/hpa.com.pl\\\/\",\"name\":\"Hydraulika, Pneumatyka, Automatyka\",\"description\":\"Manometry, Termometry, Armatura, Marsh Bellofram\",\"potentialAction\":[{\"@type\":\"SearchAction\",\"target\":{\"@type\":\"EntryPoint\",\"urlTemplate\":\"https:\\\/\\\/hpa.com.pl\\\/?s={search_term_string}\"},\"query-input\":{\"@type\":\"PropertyValueSpecification\",\"valueRequired\":true,\"valueName\":\"search_term_string\"}}],\"inLanguage\":\"pl-PL\"}]}<\/script>\n<!-- \/ Yoast SEO plugin. -->","yoast_head_json":{"title":"Manometry - Hydraulika, Pneumatyka, Automatyka","description":"Wszelkiego rodzaju manometry do pomiaru ci\u015bnienia w instalacjach przemys\u0142owych. Najwy\u017csza jako\u015b\u0107, atrakcyjne ceny, szybka dost\u0119pno\u015b\u0107.","robots":{"index":"index","follow":"follow","max-snippet":"max-snippet:-1","max-image-preview":"max-image-preview:large","max-video-preview":"max-video-preview:-1"},"canonical":"https:\/\/hpa.com.pl\/index.php\/manometry\/","og_locale":"pl_PL","og_type":"article","og_title":"Manometry - Hydraulika, Pneumatyka, Automatyka","og_description":"Wszelkiego rodzaju manometry do pomiaru ci\u015bnienia w instalacjach przemys\u0142owych. Najwy\u017csza jako\u015b\u0107, atrakcyjne ceny, szybka dost\u0119pno\u015b\u0107.","og_url":"https:\/\/hpa.com.pl\/index.php\/manometry\/","og_site_name":"Hydraulika, Pneumatyka, Automatyka","article_modified_time":"2021-03-18T12:11:11+00:00","og_image":[{"width":1200,"height":800,"url":"https:\/\/hpa.com.pl\/wp-content\/uploads\/2020\/04\/manometry-1.jpg","type":"image\/jpeg"}],"twitter_card":"summary_large_image","twitter_misc":{"Szacowany czas czytania":"2 minuty"},"schema":{"@context":"https:\/\/schema.org","@graph":[{"@type":"WebPage","@id":"https:\/\/hpa.com.pl\/index.php\/manometry\/","url":"https:\/\/hpa.com.pl\/index.php\/manometry\/","name":"Manometry - Hydraulika, Pneumatyka, Automatyka","isPartOf":{"@id":"https:\/\/hpa.com.pl\/#website"},"primaryImageOfPage":{"@id":"https:\/\/hpa.com.pl\/index.php\/manometry\/#primaryimage"},"image":{"@id":"https:\/\/hpa.com.pl\/index.php\/manometry\/#primaryimage"},"thumbnailUrl":"https:\/\/hpa.com.pl\/wp-content\/uploads\/2020\/04\/manometry-1.jpg","datePublished":"2020-04-08T15:03:27+00:00","dateModified":"2021-03-18T12:11:11+00:00","description":"Wszelkiego rodzaju manometry do pomiaru ci\u015bnienia w instalacjach przemys\u0142owych. Najwy\u017csza jako\u015b\u0107, atrakcyjne ceny, szybka dost\u0119pno\u015b\u0107.","breadcrumb":{"@id":"https:\/\/hpa.com.pl\/index.php\/manometry\/#breadcrumb"},"inLanguage":"pl-PL","potentialAction":[{"@type":"ReadAction","target":["https:\/\/hpa.com.pl\/index.php\/manometry\/"]}]},{"@type":"ImageObject","inLanguage":"pl-PL","@id":"https:\/\/hpa.com.pl\/index.php\/manometry\/#primaryimage","url":"https:\/\/hpa.com.pl\/wp-content\/uploads\/2020\/04\/manometry-1.jpg","contentUrl":"https:\/\/hpa.com.pl\/wp-content\/uploads\/2020\/04\/manometry-1.jpg","width":1200,"height":800},{"@type":"BreadcrumbList","@id":"https:\/\/hpa.com.pl\/index.php\/manometry\/#breadcrumb","itemListElement":[{"@type":"ListItem","position":1,"name":"Strona g\u0142\u00f3wna","item":"https:\/\/hpa.com.pl\/"},{"@type":"ListItem","position":2,"name":"Manometry"}]},{"@type":"WebSite","@id":"https:\/\/hpa.com.pl\/#website","url":"https:\/\/hpa.com.pl\/","name":"Hydraulika, Pneumatyka, Automatyka","description":"Manometry, Termometry, Armatura, Marsh Bellofram","potentialAction":[{"@type":"SearchAction","target":{"@type":"EntryPoint","urlTemplate":"https:\/\/hpa.com.pl\/?s={search_term_string}"},"query-input":{"@type":"PropertyValueSpecification","valueRequired":true,"valueName":"search_term_string"}}],"inLanguage":"pl-PL"}]}},"_links":{"self":[{"href":"https:\/\/hpa.com.pl\/index.php\/wp-json\/wp\/v2\/pages\/78","targetHints":{"allow":["GET"]}}],"collection":[{"href":"https:\/\/hpa.com.pl\/index.php\/wp-json\/wp\/v2\/pages"}],"about":[{"href":"https:\/\/hpa.com.pl\/index.php\/wp-json\/wp\/v2\/types\/page"}],"author":[{"embeddable":true,"href":"https:\/\/hpa.com.pl\/index.php\/wp-json\/wp\/v2\/users\/1"}],"replies":[{"embeddable":true,"href":"https:\/\/hpa.com.pl\/index.php\/wp-json\/wp\/v2\/comments?post=78"}],"version-history":[{"count":24,"href":"https:\/\/hpa.com.pl\/index.php\/wp-json\/wp\/v2\/pages\/78\/revisions"}],"predecessor-version":[{"id":476,"href":"https:\/\/hpa.com.pl\/index.php\/wp-json\/wp\/v2\/pages\/78\/revisions\/476"}],"wp:featuredmedia":[{"embeddable":true,"href":"https:\/\/hpa.com.pl\/index.php\/wp-json\/wp\/v2\/media\/61"}],"wp:attachment":[{"href":"https:\/\/hpa.com.pl\/index.php\/wp-json\/wp\/v2\/media?parent=78"}],"curies":[{"name":"wp","href":"https:\/\/api.w.org\/{rel}","templated":true}]}}