{"id":56,"date":"2020-04-08T15:55:31","date_gmt":"2020-04-08T13:55:31","guid":{"rendered":"http:\/\/hpa.com.pl\/?page_id=56"},"modified":"2020-09-03T09:57:31","modified_gmt":"2020-09-03T07:57:31","slug":"marsh-bellofram","status":"publish","type":"page","link":"https:\/\/hpa.com.pl\/index.php\/marsh-bellofram\/","title":{"rendered":"Marsh Bellofram"},"content":{"rendered":"<h3>O nas<\/h3>\n\n\n<p>Marsh Bellofram jest \u015bwiatowej klasy producentem oprzyrz\u0105dowania i sterowania procesami, oferuj\u0105cym pot\u0119\u017cne wsparcie produktowe. Nasz\u0105 misj\u0105 jest zaspokajanie obecnych i przysz\u0142ych potrzeb naszych klient\u00f3w poprzez szybk\u0105 i profesjonaln\u0105 obs\u0142ug\u0119 przy jednoczesnym zapewnieniu najwy\u017cszej jako\u015bci produkt\u00f3w w najbardziej konkurencyjnych cenach.<\/p>\n\n\n<h3>Asortyment<\/h3>\n\n\n<p>Z naszego centralnego biura sprzeda\u017cy w Wielkiej Brytanii, Marsh Bellofram Europe mo\u017ce dostarczy\u0107: regulatory powietrza, filtry, regulatory, smarownice, przetworniki, reduktory gazu ziemnego, reduktory gazu propanowego, manometry, manometry wype\u0142nione ciecz\u0105, manometry precyzyjne, manometry procesowe , manometry membranowe, manometry HVAC \/ R, manometry do zastosowa\u0144 specjalnych, przyrz\u0105dy ci\u015bnieniowe, timery, liczniki, cyfrowe mierniki tablicowe, RTD, termopary, membrany rolowane, separatory membranowe, przyrz\u0105dy do pomiaru temperatury, os\u0142ony termometryczne, przetworniki ci\u015bnienia, si\u0142owniki, elementy sterowania elektrycznego, zabezpieczenie silnika, regulatory ci\u015bnienia gazu, wyroby silikonowe, tachometry, przeka\u017aniki czasowe, liczniki, zawory kontrolne i wiele, wiele innych produkt\u00f3w oraz akcesori\u00f3w niezb\u0119dnych do powstania oraz utrzymania i bie\u017c\u0105cej kontroli proces\u00f3w przemys\u0142owych.<\/p>\n\n\n<h3>Dostawy<\/h3>\n\n\n<p>Dostawy realizujemy natychmiastowo z magazynu w Wielkiej Brytanii lub, w przypadku braku danego wyrobu, bezpo\u015brednio z fabryki. Pe\u0142ne wsparcie fachowej obs\u0142ugi pozwala zagwarantowa\u0107 odpowiedni dob\u00f3r urz\u0105dze\u0144 i d\u0142ugotrwa\u0142\u0105, bezprzestojow\u0105 prac\u0119.<\/p>\n\n\n<h3>Wsparcie<\/h3>\n\n\n<p>Jako autoryzowany dystrybutor w Europie \u015brodkowo-wschodniej oferujemy pe\u0142ne wsparcie, najkr\u00f3tsze mo\u017cliwe terminy realizacji oraz zawsze atrakcyjne ceny producenta i obs\u0142ug\u0119 posprzeda\u017cow\u0105.<\/p>\n\n\n<h3>Oferta<\/h3>\n\n\n<p>W sk\u0142ad naszej szerokiej oferty wchodz\u0105 wyroby wiod\u0105cych w swojej bran\u017cy producent\u00f3w, takich jak:<\/p>\n\n\n\n<hr class=\"wp-block-separator is-style-wide\"\/>\n\n\n\n<div class=\"wp-block-media-text alignwide is-stacked-on-mobile has-black-color has-text-color\"><figure class=\"wp-block-media-text__media\"><img loading=\"lazy\" decoding=\"async\" width=\"250\" height=\"72\" src=\"http:\/\/hpa.com.pl\/wp-content\/uploads\/2020\/05\/Marsh_Logo.jpg\" alt=\"marsh logo\" class=\"wp-image-212\"\/><\/figure><div class=\"wp-block-media-text__content\">\n<ul class=\"wp-block-list\"><li>Manometry:<\/li><li>&#8211; og\u00f3lnego przeznaczenia<\/li><li>&#8211; membranowe<\/li><li>&#8211; kontrolne<\/li><li>&#8211; HVAC \/ R<\/li><li>&#8211; specjalistyczne<\/li><\/ul>\n<\/div><\/div>\n\n\n\n<hr class=\"wp-block-separator is-style-wide\"\/>\n\n\n\n<div class=\"wp-block-media-text alignwide has-media-on-the-right is-stacked-on-mobile\"><figure class=\"wp-block-media-text__media\"><img loading=\"lazy\" decoding=\"async\" width=\"250\" height=\"72\" src=\"http:\/\/hpa.com.pl\/wp-content\/uploads\/2020\/05\/Bello_Fram_Logo.jpg\" alt=\"bellofram logo\" class=\"wp-image-207\"\/><\/figure><div class=\"wp-block-media-text__content\">\n<ul class=\"wp-block-list\"><li>&#8211; Regulatory ci\u015bnienia<\/li><li>&#8211; Regulatory przeponowe<\/li><li>&#8211; Przetworniki ci\u015bnienia<\/li><li>&#8211; Zespo\u0142y przygotowania powietrza<\/li><li>&#8211; Przeka\u017aniki pneumatyczne<\/li><li>&#8211; Kontrolery ci\u015bnienia<\/li><\/ul>\n<\/div><\/div>\n\n\n\n<hr class=\"wp-block-separator is-style-wide\"\/>\n\n\n\n<div class=\"wp-block-media-text alignwide is-stacked-on-mobile\"><figure class=\"wp-block-media-text__media\"><img loading=\"lazy\" decoding=\"async\" width=\"200\" height=\"59\" src=\"http:\/\/hpa.com.pl\/wp-content\/uploads\/2020\/05\/Diaphragms-Logo.jpg\" alt=\"bellofram RD logo\" class=\"wp-image-210\"\/><\/figure><div class=\"wp-block-media-text__content\">\n<ul class=\"wp-block-list\"><li>Membrany:<\/li><li>&#8211; przemys\u0142owe<\/li><li>&#8211; dwuwarstwowe<\/li><li>&#8211; teflonowe<\/li><li>Tkanina powlekana<\/li><li>Elastomery<\/li><\/ul>\n<\/div><\/div>\n\n\n\n<hr class=\"wp-block-separator is-style-wide\"\/>\n\n\n\n<div class=\"wp-block-media-text alignwide has-media-on-the-right is-stacked-on-mobile\"><figure class=\"wp-block-media-text__media\"><img loading=\"lazy\" decoding=\"async\" width=\"250\" height=\"72\" src=\"http:\/\/hpa.com.pl\/wp-content\/uploads\/2020\/05\/Bellofram_Silicones_Logo.jpg\" alt=\"bellofram silicones logo\" class=\"wp-image-209\"\/><\/figure><div class=\"wp-block-media-text__content\">\n<ul class=\"wp-block-list\"><li>&#8211; G\u0105bka silikonowa BELLOFOAM<\/li><li>&#8211; Rolki silikonowe<\/li><li>&#8211; Silikon formowany<\/li><li>&#8211; Produkty wyciskane<\/li><li>&#8211; Produkty g\u0105bczaste<\/li><\/ul>\n<\/div><\/div>\n\n\n\n<hr class=\"wp-block-separator is-style-wide\"\/>\n\n\n\n<div class=\"wp-block-media-text alignwide is-stacked-on-mobile\"><figure class=\"wp-block-media-text__media\"><img loading=\"lazy\" decoding=\"async\" width=\"250\" height=\"72\" src=\"http:\/\/hpa.com.pl\/wp-content\/uploads\/2020\/05\/Belgas_Logo.jpg\" alt=\"belgas logo\" class=\"wp-image-206\"\/><\/figure><div class=\"wp-block-media-text__content\">\n<ul class=\"wp-block-list\"><li>Regulatory:<\/li><li>&#8211; ci\u015bnienia gazu<\/li><li>&#8211; ci\u015bnienia wstecznego<\/li><li>&#8211; elektroniczne<\/li><li>Systemy regulacji i przep\u0142ywu<\/li><li>Zawory iglicowe<\/li><\/ul>\n<\/div><\/div>\n\n\n\n<hr class=\"wp-block-separator is-style-wide\"\/>\n\n\n\n<div class=\"wp-block-media-text alignwide has-media-on-the-right is-stacked-on-mobile\"><figure class=\"wp-block-media-text__media\"><img loading=\"lazy\" decoding=\"async\" width=\"200\" height=\"74\" src=\"http:\/\/hpa.com.pl\/wp-content\/uploads\/2020\/05\/BelGAS_cp-c-200x54-1.jpg\" alt=\"belgas cp logo\" class=\"wp-image-204\"\/><\/figure><div class=\"wp-block-media-text__content\">\n<ul class=\"wp-block-list\"><li>&#8211; Kontrola poziomu<\/li><li>&#8211; Regulatory<\/li><li>&#8211; Akcesoria<\/li><\/ul>\n<\/div><\/div>\n\n\n\n<hr class=\"wp-block-separator is-style-wide\"\/>\n\n\n\n<div class=\"wp-block-media-text alignwide is-stacked-on-mobile\"><figure class=\"wp-block-media-text__media\"><img loading=\"lazy\" decoding=\"async\" width=\"200\" height=\"72\" src=\"http:\/\/hpa.com.pl\/wp-content\/uploads\/2020\/05\/BelGAS_FM-d.jpg\" alt=\"belgas fm\" class=\"wp-image-205\"\/><\/figure><div class=\"wp-block-media-text__content\">\n<ul class=\"wp-block-list\"><li>&#8211; Ograniczniki p\u0142omienia<\/li><li>&#8211; Paliki<\/li><li>&#8211; Produkcja specjalistyczna<\/li><\/ul>\n<\/div><\/div>\n\n\n\n<hr class=\"wp-block-separator is-style-wide\"\/>\n\n\n\n<div class=\"wp-block-media-text alignwide has-media-on-the-right is-stacked-on-mobile\"><figure class=\"wp-block-media-text__media\"><img loading=\"lazy\" decoding=\"async\" width=\"250\" height=\"72\" src=\"http:\/\/hpa.com.pl\/wp-content\/uploads\/2020\/05\/Tcp_Logo.jpg\" alt=\"tcp logo\" class=\"wp-image-214\"\/><\/figure><div class=\"wp-block-media-text__content\">\n<ul class=\"wp-block-list\"><li>Termopary<\/li><li>&#8211; przemys\u0142owe<\/li><li>&#8211; z tworzywa<\/li><li>&#8211; wysokotemperaturowe<\/li><li>Os\u0142ony zabezpieczaj\u0105ce<\/li><li>RTD<\/li><\/ul>\n<\/div><\/div>\n\n\n\n<hr class=\"wp-block-separator is-style-wide\"\/>\n\n\n\n<div class=\"wp-block-media-text alignwide is-stacked-on-mobile\"><figure class=\"wp-block-media-text__media\"><img loading=\"lazy\" decoding=\"async\" width=\"250\" height=\"72\" src=\"http:\/\/hpa.com.pl\/wp-content\/uploads\/2020\/05\/Servotek_Logo.jpg\" alt=\"servotek logo\" class=\"wp-image-213\"\/><\/figure><div class=\"wp-block-media-text__content\">\n<ul class=\"wp-block-list\"><li>&#8211; Przetworniki Tachsyn<\/li><li>&#8211; Enkodery DC<\/li><li>&#8211; Tachometry samochodowe<\/li><li>&#8211; Tachometry lotnicze<\/li><li>&#8211; Akcesoria<\/li><\/ul>\n<\/div><\/div>\n\n\n\n<hr class=\"wp-block-separator is-style-wide\"\/>\n\n\n\n<div class=\"wp-block-media-text alignwide has-media-on-the-right is-stacked-on-mobile\"><figure class=\"wp-block-media-text__media\"><img loading=\"lazy\" decoding=\"async\" width=\"250\" height=\"72\" src=\"http:\/\/hpa.com.pl\/wp-content\/uploads\/2020\/05\/Automatic_Timing_Controls_Logo.jpg\" alt=\"atc logo\" class=\"wp-image-203\"\/><\/figure><div class=\"wp-block-media-text__content\">\n<ul class=\"wp-block-list\"><li>&#8211; Przeka\u017aniki czasowe<\/li><li>&#8211; Liczniki czasu i powt\u00f3rze\u0144<\/li><li>&#8211; Czasomierze cyfrowe<\/li><li>&#8211; Akcesoria<\/li><\/ul>\n<\/div><\/div>\n\n\n\n<hr class=\"wp-block-separator is-style-wide\"\/>\n\n\n\n<div class=\"wp-block-media-text alignwide is-stacked-on-mobile\"><figure class=\"wp-block-media-text__media\"><img loading=\"lazy\" decoding=\"async\" width=\"250\" height=\"72\" src=\"http:\/\/hpa.com.pl\/wp-content\/uploads\/2020\/05\/Diversified_Electronics_Logo.jpg\" alt=\"atc de logo\" class=\"wp-image-211\"\/><\/figure><div class=\"wp-block-media-text__content\">\n<ul class=\"wp-block-list\"><li>&#8211; Monitory napi\u0119cia<\/li><li>&#8211; Kontrola poziomu<\/li><li>&#8211; Przeka\u017aniki czasowe<\/li><li>&#8211; Alarmy szczelno\u015bci<\/li><\/ul>\n<\/div><\/div>\n\n\n\n<hr class=\"wp-block-separator is-style-wide\"\/>\n\n\n\n<div class=\"wp-block-media-text alignwide has-media-on-the-right is-stacked-on-mobile\"><figure class=\"wp-block-media-text__media\"><img loading=\"lazy\" decoding=\"async\" width=\"200\" height=\"58\" src=\"http:\/\/hpa.com.pl\/wp-content\/uploads\/2020\/05\/Whittle-n-Neyer-Systems.jpg\" alt=\"wns\" class=\"wp-image-216\"\/><\/figure><div class=\"wp-block-media-text__content\">\n<ul class=\"wp-block-list\"><li>&#8211; Zawory kontrolne<\/li><li>&#8211; D\u0142awice<\/li><li>&#8211; Tr\u00f3jniki pompuj\u0105ce i przep\u0142ywowe<\/li><li>&#8211; Kulowe zawory zwrotne<\/li><\/ul>\n<\/div><\/div>\n\n\n\n<hr class=\"wp-block-separator is-style-wide\"\/>\n","protected":false},"excerpt":{"rendered":"<p>O nas Marsh Bellofram jest \u015bwiatowej klasy producentem oprzyrz\u0105dowania i sterowania procesami, oferuj\u0105cym pot\u0119\u017cne wsparcie produktowe. Nasz\u0105 misj\u0105 jest zaspokajanie obecnych i przysz\u0142ych potrzeb naszych klient\u00f3w poprzez szybk\u0105 i profesjonaln\u0105 obs\u0142ug\u0119 przy jednoczesnym zapewnieniu najwy\u017cszej jako\u015bci produkt\u00f3w w najbardziej konkurencyjnych cenach. Asortyment Z naszego centralnego biura sprzeda\u017cy w Wielkiej Brytanii,&#8230; <a class=\"continue-reading-link\" href=\"https:\/\/hpa.com.pl\/index.php\/marsh-bellofram\/\"> Continue reading <span class=\"meta-nav\">&rarr; <\/span><\/a><\/p>\n","protected":false},"author":1,"featured_media":0,"parent":0,"menu_order":0,"comment_status":"closed","ping_status":"closed","template":"","meta":{"ngg_post_thumbnail":0,"footnotes":""},"class_list":["post-56","page","type-page","status-publish","hentry"],"yoast_head":"<!-- This site is optimized with the Yoast SEO plugin v27.4 - https:\/\/yoast.com\/product\/yoast-seo-wordpress\/ -->\n<title>Marsh Bellofram - Hydraulika, Pneumatyka, Automatyka<\/title>\n<meta name=\"robots\" content=\"index, follow, max-snippet:-1, max-image-preview:large, max-video-preview:-1\" \/>\n<link rel=\"canonical\" href=\"https:\/\/hpa.com.pl\/index.php\/marsh-bellofram\/\" \/>\n<meta property=\"og:locale\" content=\"pl_PL\" \/>\n<meta property=\"og:type\" content=\"article\" \/>\n<meta property=\"og:title\" content=\"Marsh Bellofram - Hydraulika, Pneumatyka, Automatyka\" \/>\n<meta property=\"og:description\" content=\"O nas Marsh Bellofram jest \u015bwiatowej klasy producentem oprzyrz\u0105dowania i sterowania procesami, oferuj\u0105cym pot\u0119\u017cne wsparcie produktowe. Nasz\u0105 misj\u0105 jest zaspokajanie obecnych i przysz\u0142ych potrzeb naszych klient\u00f3w poprzez szybk\u0105 i profesjonaln\u0105 obs\u0142ug\u0119 przy jednoczesnym zapewnieniu najwy\u017cszej jako\u015bci produkt\u00f3w w najbardziej konkurencyjnych cenach. Asortyment Z naszego centralnego biura sprzeda\u017cy w Wielkiej Brytanii,... Continue reading &rarr;\" \/>\n<meta property=\"og:url\" content=\"https:\/\/hpa.com.pl\/index.php\/marsh-bellofram\/\" \/>\n<meta property=\"og:site_name\" content=\"Hydraulika, Pneumatyka, Automatyka\" \/>\n<meta property=\"article:modified_time\" content=\"2020-09-03T07:57:31+00:00\" \/>\n<meta property=\"og:image\" content=\"http:\/\/hpa.com.pl\/wp-content\/uploads\/2020\/05\/Marsh_Logo.jpg\" \/>\n<meta name=\"twitter:card\" content=\"summary_large_image\" \/>\n<meta name=\"twitter:label1\" content=\"Szacowany czas czytania\" \/>\n\t<meta name=\"twitter:data1\" content=\"2 minuty\" \/>\n<script type=\"application\/ld+json\" class=\"yoast-schema-graph\">{\"@context\":\"https:\\\/\\\/schema.org\",\"@graph\":[{\"@type\":\"WebPage\",\"@id\":\"https:\\\/\\\/hpa.com.pl\\\/index.php\\\/marsh-bellofram\\\/\",\"url\":\"https:\\\/\\\/hpa.com.pl\\\/index.php\\\/marsh-bellofram\\\/\",\"name\":\"Marsh Bellofram - Hydraulika, Pneumatyka, Automatyka\",\"isPartOf\":{\"@id\":\"https:\\\/\\\/hpa.com.pl\\\/#website\"},\"primaryImageOfPage\":{\"@id\":\"https:\\\/\\\/hpa.com.pl\\\/index.php\\\/marsh-bellofram\\\/#primaryimage\"},\"image\":{\"@id\":\"https:\\\/\\\/hpa.com.pl\\\/index.php\\\/marsh-bellofram\\\/#primaryimage\"},\"thumbnailUrl\":\"http:\\\/\\\/hpa.com.pl\\\/wp-content\\\/uploads\\\/2020\\\/05\\\/Marsh_Logo.jpg\",\"datePublished\":\"2020-04-08T13:55:31+00:00\",\"dateModified\":\"2020-09-03T07:57:31+00:00\",\"breadcrumb\":{\"@id\":\"https:\\\/\\\/hpa.com.pl\\\/index.php\\\/marsh-bellofram\\\/#breadcrumb\"},\"inLanguage\":\"pl-PL\",\"potentialAction\":[{\"@type\":\"ReadAction\",\"target\":[\"https:\\\/\\\/hpa.com.pl\\\/index.php\\\/marsh-bellofram\\\/\"]}]},{\"@type\":\"ImageObject\",\"inLanguage\":\"pl-PL\",\"@id\":\"https:\\\/\\\/hpa.com.pl\\\/index.php\\\/marsh-bellofram\\\/#primaryimage\",\"url\":\"https:\\\/\\\/hpa.com.pl\\\/wp-content\\\/uploads\\\/2020\\\/05\\\/Marsh_Logo.jpg\",\"contentUrl\":\"https:\\\/\\\/hpa.com.pl\\\/wp-content\\\/uploads\\\/2020\\\/05\\\/Marsh_Logo.jpg\",\"width\":250,\"height\":72},{\"@type\":\"BreadcrumbList\",\"@id\":\"https:\\\/\\\/hpa.com.pl\\\/index.php\\\/marsh-bellofram\\\/#breadcrumb\",\"itemListElement\":[{\"@type\":\"ListItem\",\"position\":1,\"name\":\"Strona g\u0142\u00f3wna\",\"item\":\"https:\\\/\\\/hpa.com.pl\\\/\"},{\"@type\":\"ListItem\",\"position\":2,\"name\":\"Marsh Bellofram\"}]},{\"@type\":\"WebSite\",\"@id\":\"https:\\\/\\\/hpa.com.pl\\\/#website\",\"url\":\"https:\\\/\\\/hpa.com.pl\\\/\",\"name\":\"Hydraulika, Pneumatyka, Automatyka\",\"description\":\"Manometry, Termometry, Armatura, Marsh Bellofram\",\"potentialAction\":[{\"@type\":\"SearchAction\",\"target\":{\"@type\":\"EntryPoint\",\"urlTemplate\":\"https:\\\/\\\/hpa.com.pl\\\/?s={search_term_string}\"},\"query-input\":{\"@type\":\"PropertyValueSpecification\",\"valueRequired\":true,\"valueName\":\"search_term_string\"}}],\"inLanguage\":\"pl-PL\"}]}<\/script>\n<!-- \/ Yoast SEO plugin. -->","yoast_head_json":{"title":"Marsh Bellofram - Hydraulika, Pneumatyka, Automatyka","robots":{"index":"index","follow":"follow","max-snippet":"max-snippet:-1","max-image-preview":"max-image-preview:large","max-video-preview":"max-video-preview:-1"},"canonical":"https:\/\/hpa.com.pl\/index.php\/marsh-bellofram\/","og_locale":"pl_PL","og_type":"article","og_title":"Marsh Bellofram - Hydraulika, Pneumatyka, Automatyka","og_description":"O nas Marsh Bellofram jest \u015bwiatowej klasy producentem oprzyrz\u0105dowania i sterowania procesami, oferuj\u0105cym pot\u0119\u017cne wsparcie produktowe. Nasz\u0105 misj\u0105 jest zaspokajanie obecnych i przysz\u0142ych potrzeb naszych klient\u00f3w poprzez szybk\u0105 i profesjonaln\u0105 obs\u0142ug\u0119 przy jednoczesnym zapewnieniu najwy\u017cszej jako\u015bci produkt\u00f3w w najbardziej konkurencyjnych cenach. Asortyment Z naszego centralnego biura sprzeda\u017cy w Wielkiej Brytanii,... Continue reading &rarr;","og_url":"https:\/\/hpa.com.pl\/index.php\/marsh-bellofram\/","og_site_name":"Hydraulika, Pneumatyka, Automatyka","article_modified_time":"2020-09-03T07:57:31+00:00","og_image":[{"url":"http:\/\/hpa.com.pl\/wp-content\/uploads\/2020\/05\/Marsh_Logo.jpg","type":"","width":"","height":""}],"twitter_card":"summary_large_image","twitter_misc":{"Szacowany czas czytania":"2 minuty"},"schema":{"@context":"https:\/\/schema.org","@graph":[{"@type":"WebPage","@id":"https:\/\/hpa.com.pl\/index.php\/marsh-bellofram\/","url":"https:\/\/hpa.com.pl\/index.php\/marsh-bellofram\/","name":"Marsh Bellofram - Hydraulika, Pneumatyka, Automatyka","isPartOf":{"@id":"https:\/\/hpa.com.pl\/#website"},"primaryImageOfPage":{"@id":"https:\/\/hpa.com.pl\/index.php\/marsh-bellofram\/#primaryimage"},"image":{"@id":"https:\/\/hpa.com.pl\/index.php\/marsh-bellofram\/#primaryimage"},"thumbnailUrl":"http:\/\/hpa.com.pl\/wp-content\/uploads\/2020\/05\/Marsh_Logo.jpg","datePublished":"2020-04-08T13:55:31+00:00","dateModified":"2020-09-03T07:57:31+00:00","breadcrumb":{"@id":"https:\/\/hpa.com.pl\/index.php\/marsh-bellofram\/#breadcrumb"},"inLanguage":"pl-PL","potentialAction":[{"@type":"ReadAction","target":["https:\/\/hpa.com.pl\/index.php\/marsh-bellofram\/"]}]},{"@type":"ImageObject","inLanguage":"pl-PL","@id":"https:\/\/hpa.com.pl\/index.php\/marsh-bellofram\/#primaryimage","url":"https:\/\/hpa.com.pl\/wp-content\/uploads\/2020\/05\/Marsh_Logo.jpg","contentUrl":"https:\/\/hpa.com.pl\/wp-content\/uploads\/2020\/05\/Marsh_Logo.jpg","width":250,"height":72},{"@type":"BreadcrumbList","@id":"https:\/\/hpa.com.pl\/index.php\/marsh-bellofram\/#breadcrumb","itemListElement":[{"@type":"ListItem","position":1,"name":"Strona g\u0142\u00f3wna","item":"https:\/\/hpa.com.pl\/"},{"@type":"ListItem","position":2,"name":"Marsh Bellofram"}]},{"@type":"WebSite","@id":"https:\/\/hpa.com.pl\/#website","url":"https:\/\/hpa.com.pl\/","name":"Hydraulika, Pneumatyka, Automatyka","description":"Manometry, Termometry, Armatura, Marsh Bellofram","potentialAction":[{"@type":"SearchAction","target":{"@type":"EntryPoint","urlTemplate":"https:\/\/hpa.com.pl\/?s={search_term_string}"},"query-input":{"@type":"PropertyValueSpecification","valueRequired":true,"valueName":"search_term_string"}}],"inLanguage":"pl-PL"}]}},"_links":{"self":[{"href":"https:\/\/hpa.com.pl\/index.php\/wp-json\/wp\/v2\/pages\/56","targetHints":{"allow":["GET"]}}],"collection":[{"href":"https:\/\/hpa.com.pl\/index.php\/wp-json\/wp\/v2\/pages"}],"about":[{"href":"https:\/\/hpa.com.pl\/index.php\/wp-json\/wp\/v2\/types\/page"}],"author":[{"embeddable":true,"href":"https:\/\/hpa.com.pl\/index.php\/wp-json\/wp\/v2\/users\/1"}],"replies":[{"embeddable":true,"href":"https:\/\/hpa.com.pl\/index.php\/wp-json\/wp\/v2\/comments?post=56"}],"version-history":[{"count":25,"href":"https:\/\/hpa.com.pl\/index.php\/wp-json\/wp\/v2\/pages\/56\/revisions"}],"predecessor-version":[{"id":322,"href":"https:\/\/hpa.com.pl\/index.php\/wp-json\/wp\/v2\/pages\/56\/revisions\/322"}],"wp:attachment":[{"href":"https:\/\/hpa.com.pl\/index.php\/wp-json\/wp\/v2\/media?parent=56"}],"curies":[{"name":"wp","href":"https:\/\/api.w.org\/{rel}","templated":true}]}}