{"id":31,"date":"2020-04-08T15:46:18","date_gmt":"2020-04-08T13:46:18","guid":{"rendered":"http:\/\/hpa.com.pl\/?page_id=31"},"modified":"2021-03-18T13:08:48","modified_gmt":"2021-03-18T12:08:48","slug":"strona-glowna","status":"publish","type":"page","link":"https:\/\/hpa.com.pl\/","title":{"rendered":"HPA &#8211; Hydraulika, Pneumatyka, Automatyka"},"content":{"rendered":"\nngg_shortcode_0_placeholder\n\n\n\n<p>Witam na stronie BHU&#8221;FART&#8221;, w\u0142a\u015bciciela wiod\u0105cej na rynku aparatury kontrolno &#8211; pomiarowej marki &#8222;HPA&#8221;. <\/p>\n\n\n\n<p>Nasz\u0105 specjalizacj\u0105 jest dob\u00f3r i sprzeda\u017c najwy\u017cszej jako\u015bci aparatury kontrolno-pomiarowej. Cechuje nas indywidualne podej\u015bcie do klienta i du\u017cy nacisk k\u0142adziony na spe\u0142nienie indywidualnych wymog\u00f3w. Nie ma dla nas spraw niemo\u017cliwych.<\/p>\n\n\n\n<p>\u017bycz\u0119 mi\u0142ego korzystania, Robert Siemi\u0144ski<\/p>\n\n\n\n<figure class=\"wp-block-embed is-type-video is-provider-youtube wp-block-embed-youtube wp-embed-aspect-16-9 wp-has-aspect-ratio\"><div class=\"wp-block-embed__wrapper\">\n<iframe loading=\"lazy\" title=\"Fart   prezentacja marki\" width=\"900\" height=\"506\" src=\"https:\/\/www.youtube.com\/embed\/Z3EqwrztznU?start=1&#038;feature=oembed\" frameborder=\"0\" allow=\"accelerometer; autoplay; clipboard-write; encrypted-media; gyroscope; picture-in-picture\" allowfullscreen><\/iframe>\n<\/div><figcaption>FART &#8211; prezentacja marki<\/figcaption><\/figure>\n\n\n\n<p><\/p>\n","protected":false},"excerpt":{"rendered":"<p>Witam na stronie BHU&#8221;FART&#8221;, w\u0142a\u015bciciela wiod\u0105cej na rynku aparatury kontrolno &#8211; pomiarowej marki &#8222;HPA&#8221;. Nasz\u0105 specjalizacj\u0105 jest dob\u00f3r i sprzeda\u017c najwy\u017cszej jako\u015bci aparatury kontrolno-pomiarowej. Cechuje nas indywidualne podej\u015bcie do klienta i du\u017cy nacisk k\u0142adziony na spe\u0142nienie indywidualnych wymog\u00f3w. Nie ma dla nas spraw niemo\u017cliwych. \u017bycz\u0119 mi\u0142ego korzystania, Robert Siemi\u0144ski<\/p>\n","protected":false},"author":1,"featured_media":0,"parent":0,"menu_order":0,"comment_status":"closed","ping_status":"closed","template":"","meta":{"ngg_post_thumbnail":0,"footnotes":""},"class_list":["post-31","page","type-page","status-publish","hentry"],"yoast_head":"<!-- This site is optimized with the Yoast SEO plugin v27.4 - https:\/\/yoast.com\/product\/yoast-seo-wordpress\/ -->\n<title>HPA - Hydraulika, Pneumatyka, Automatyka - O marce<\/title>\n<meta name=\"description\" content=\"HPA to uznana na rynku marka manometr\u00f3w i termometr\u00f3w najwy\u017cszej jako\u015bci. Najwi\u0119kszy wyb\u00f3r i oferta dopasowana do potrzeb klienta.\" \/>\n<meta name=\"robots\" content=\"index, follow, max-snippet:-1, max-image-preview:large, max-video-preview:-1\" \/>\n<link rel=\"canonical\" href=\"https:\/\/hpa.com.pl\/\" \/>\n<meta property=\"og:locale\" content=\"pl_PL\" \/>\n<meta property=\"og:type\" content=\"article\" \/>\n<meta property=\"og:title\" content=\"HPA - Hydraulika, Pneumatyka, Automatyka - O marce\" \/>\n<meta property=\"og:description\" content=\"HPA to uznana na rynku marka manometr\u00f3w i termometr\u00f3w najwy\u017cszej jako\u015bci. Najwi\u0119kszy wyb\u00f3r i oferta dopasowana do potrzeb klienta.\" \/>\n<meta property=\"og:url\" content=\"https:\/\/hpa.com.pl\/\" \/>\n<meta property=\"og:site_name\" content=\"Hydraulika, Pneumatyka, Automatyka\" \/>\n<meta property=\"article:modified_time\" content=\"2021-03-18T12:08:48+00:00\" \/>\n<meta name=\"twitter:card\" content=\"summary_large_image\" \/>\n<meta name=\"twitter:label1\" content=\"Szacowany czas czytania\" \/>\n\t<meta name=\"twitter:data1\" content=\"1 minuta\" \/>\n<script type=\"application\/ld+json\" class=\"yoast-schema-graph\">{\"@context\":\"https:\\\/\\\/schema.org\",\"@graph\":[{\"@type\":\"WebPage\",\"@id\":\"https:\\\/\\\/hpa.com.pl\\\/\",\"url\":\"https:\\\/\\\/hpa.com.pl\\\/\",\"name\":\"HPA - Hydraulika, Pneumatyka, Automatyka - O marce\",\"isPartOf\":{\"@id\":\"https:\\\/\\\/hpa.com.pl\\\/#website\"},\"datePublished\":\"2020-04-08T13:46:18+00:00\",\"dateModified\":\"2021-03-18T12:08:48+00:00\",\"description\":\"HPA to uznana na rynku marka manometr\u00f3w i termometr\u00f3w najwy\u017cszej jako\u015bci. Najwi\u0119kszy wyb\u00f3r i oferta dopasowana do potrzeb klienta.\",\"breadcrumb\":{\"@id\":\"https:\\\/\\\/hpa.com.pl\\\/#breadcrumb\"},\"inLanguage\":\"pl-PL\",\"potentialAction\":[{\"@type\":\"ReadAction\",\"target\":[\"https:\\\/\\\/hpa.com.pl\\\/\"]}]},{\"@type\":\"BreadcrumbList\",\"@id\":\"https:\\\/\\\/hpa.com.pl\\\/#breadcrumb\",\"itemListElement\":[{\"@type\":\"ListItem\",\"position\":1,\"name\":\"Strona g\u0142\u00f3wna\",\"item\":\"https:\\\/\\\/hpa.com.pl\\\/\"},{\"@type\":\"ListItem\",\"position\":2,\"name\":\"HPA &#8211; Hydraulika, Pneumatyka, Automatyka\"}]},{\"@type\":\"WebSite\",\"@id\":\"https:\\\/\\\/hpa.com.pl\\\/#website\",\"url\":\"https:\\\/\\\/hpa.com.pl\\\/\",\"name\":\"Hydraulika, Pneumatyka, Automatyka\",\"description\":\"Manometry, Termometry, Armatura, Marsh Bellofram\",\"potentialAction\":[{\"@type\":\"SearchAction\",\"target\":{\"@type\":\"EntryPoint\",\"urlTemplate\":\"https:\\\/\\\/hpa.com.pl\\\/?s={search_term_string}\"},\"query-input\":{\"@type\":\"PropertyValueSpecification\",\"valueRequired\":true,\"valueName\":\"search_term_string\"}}],\"inLanguage\":\"pl-PL\"}]}<\/script>\n<!-- \/ Yoast SEO plugin. -->","yoast_head_json":{"title":"HPA - Hydraulika, Pneumatyka, Automatyka - O marce","description":"HPA to uznana na rynku marka manometr\u00f3w i termometr\u00f3w najwy\u017cszej jako\u015bci. Najwi\u0119kszy wyb\u00f3r i oferta dopasowana do potrzeb klienta.","robots":{"index":"index","follow":"follow","max-snippet":"max-snippet:-1","max-image-preview":"max-image-preview:large","max-video-preview":"max-video-preview:-1"},"canonical":"https:\/\/hpa.com.pl\/","og_locale":"pl_PL","og_type":"article","og_title":"HPA - Hydraulika, Pneumatyka, Automatyka - O marce","og_description":"HPA to uznana na rynku marka manometr\u00f3w i termometr\u00f3w najwy\u017cszej jako\u015bci. Najwi\u0119kszy wyb\u00f3r i oferta dopasowana do potrzeb klienta.","og_url":"https:\/\/hpa.com.pl\/","og_site_name":"Hydraulika, Pneumatyka, Automatyka","article_modified_time":"2021-03-18T12:08:48+00:00","twitter_card":"summary_large_image","twitter_misc":{"Szacowany czas czytania":"1 minuta"},"schema":{"@context":"https:\/\/schema.org","@graph":[{"@type":"WebPage","@id":"https:\/\/hpa.com.pl\/","url":"https:\/\/hpa.com.pl\/","name":"HPA - Hydraulika, Pneumatyka, Automatyka - O marce","isPartOf":{"@id":"https:\/\/hpa.com.pl\/#website"},"datePublished":"2020-04-08T13:46:18+00:00","dateModified":"2021-03-18T12:08:48+00:00","description":"HPA to uznana na rynku marka manometr\u00f3w i termometr\u00f3w najwy\u017cszej jako\u015bci. Najwi\u0119kszy wyb\u00f3r i oferta dopasowana do potrzeb klienta.","breadcrumb":{"@id":"https:\/\/hpa.com.pl\/#breadcrumb"},"inLanguage":"pl-PL","potentialAction":[{"@type":"ReadAction","target":["https:\/\/hpa.com.pl\/"]}]},{"@type":"BreadcrumbList","@id":"https:\/\/hpa.com.pl\/#breadcrumb","itemListElement":[{"@type":"ListItem","position":1,"name":"Strona g\u0142\u00f3wna","item":"https:\/\/hpa.com.pl\/"},{"@type":"ListItem","position":2,"name":"HPA &#8211; Hydraulika, Pneumatyka, Automatyka"}]},{"@type":"WebSite","@id":"https:\/\/hpa.com.pl\/#website","url":"https:\/\/hpa.com.pl\/","name":"Hydraulika, Pneumatyka, Automatyka","description":"Manometry, Termometry, Armatura, Marsh Bellofram","potentialAction":[{"@type":"SearchAction","target":{"@type":"EntryPoint","urlTemplate":"https:\/\/hpa.com.pl\/?s={search_term_string}"},"query-input":{"@type":"PropertyValueSpecification","valueRequired":true,"valueName":"search_term_string"}}],"inLanguage":"pl-PL"}]}},"_links":{"self":[{"href":"https:\/\/hpa.com.pl\/index.php\/wp-json\/wp\/v2\/pages\/31","targetHints":{"allow":["GET"]}}],"collection":[{"href":"https:\/\/hpa.com.pl\/index.php\/wp-json\/wp\/v2\/pages"}],"about":[{"href":"https:\/\/hpa.com.pl\/index.php\/wp-json\/wp\/v2\/types\/page"}],"author":[{"embeddable":true,"href":"https:\/\/hpa.com.pl\/index.php\/wp-json\/wp\/v2\/users\/1"}],"replies":[{"embeddable":true,"href":"https:\/\/hpa.com.pl\/index.php\/wp-json\/wp\/v2\/comments?post=31"}],"version-history":[{"count":17,"href":"https:\/\/hpa.com.pl\/index.php\/wp-json\/wp\/v2\/pages\/31\/revisions"}],"predecessor-version":[{"id":473,"href":"https:\/\/hpa.com.pl\/index.php\/wp-json\/wp\/v2\/pages\/31\/revisions\/473"}],"wp:attachment":[{"href":"https:\/\/hpa.com.pl\/index.php\/wp-json\/wp\/v2\/media?parent=31"}],"curies":[{"name":"wp","href":"https:\/\/api.w.org\/{rel}","templated":true}]}}